{"id":8,"date":"2014-10-31T12:08:56","date_gmt":"2014-10-31T11:08:56","guid":{"rendered":"http:\/\/www.serenite-hypnose.com\/?page_id=8"},"modified":"2026-03-13T14:05:34","modified_gmt":"2026-03-13T13:05:34","slug":"contact","status":"publish","type":"page","link":"https:\/\/www.serenite-hypnose.com\/?page_id=8","title":{"rendered":"Contact"},"content":{"rendered":"\n<section style=\"background: linear-gradient(180deg, #FBF9F7 0%, #F6EFEC 100%); padding: 48px 24px; border-radius: 14px; font-family: 'Helvetica Neue', Arial, sans-serif; color: #3c3c3c;\">\n  <div style=\"max-width: 800px; margin: 0 auto; background: #ffffff; border-radius: 12px; padding: 40px; box-shadow: 0 6px 18px rgba(0,0,0,0.05); text-align: center;\">\n    \n    <header style=\"margin-bottom: 28px;\">\n      <h1 style=\"font-size: 30px; color: #7fa98a; margin: 0;\">Contact &amp; Informations<\/h1>\n    <\/header>\n\n    <div style=\"font-size: 17px; line-height: 1.8; color: #4a463f;\">\n      <p style=\"margin-bottom: 20px;\"><strong>Adresses :<\/strong><\/p>\n\n      <div style=\"display: flex; flex-direction: column; gap: 18px; margin-bottom: 24px;\">\n        \n        <div style=\"background: #f5efe7; border-left: 6px solid #7fa98a; padding: 18px; border-radius: 12px; box-shadow: 0 3px 10px rgba(0,0,0,0.04);\">\n          <p style=\"margin: 0; font-weight: 700; color: #7fa98a;\">Tous les lundis<\/p>\n          <p style=\"margin: 8px 0 0 0;\">\n            Cabinet psychoth\u00e9rapie et Bien \u00catre<br>\n            830 av Mar\u00e9chal Foch<br>\n            40000 Mont-de-Marsan\n          <\/p>\n        <\/div>\n\n        <div style=\"background: #f3e6e8; border-left: 6px solid #c9a27e; padding: 18px; border-radius: 12px; box-shadow: 0 3px 10px rgba(0,0,0,0.04);\">\n          <p style=\"margin: 0; font-weight: 700; color: #b7848c;\">Tous les mardis<\/p>\n          <p style=\"margin: 8px 0 0 0;\">\n            Centre Santi<br>\n            132 Bis Av du Tonkin<br>\n            64140 Lons\n          <\/p>\n        <\/div>\n\n        <div style=\"background: #faf7f2; border-left: 6px solid #d4b483; padding: 18px; border-radius: 12px; box-shadow: 0 3px 10px rgba(0,0,0,0.04);\">\n          <p style=\"margin: 0; font-weight: 700; color: #c9a27e;\">Du mercredi au jeudi<\/p>\n          <p style=\"margin: 8px 0 0 0;\">\n            1404 Chemin de Paouilh\u00e9<br>\n            40320 Geaune\n          <\/p>\n        <\/div>\n\n      <\/div>\n\n      <p style=\"margin-bottom: 14px;\">\n        <strong>T\u00e9l\u00e9phone :<\/strong><br>\n        <a style=\"color: #7fa98a; text-decoration: none;\" href=\"tel:+33645851375\">06 45 85 13 75<\/a>\n      <\/p>\n\n      <p style=\"margin-bottom: 14px;\">\n        <strong>Adresse mail :<\/strong><br>\n        <a style=\"color: #7fa98a; text-decoration: none;\" href=\"mailto:serenite.hypnose@gmail.com\">serenite.hypnose@gmail.com<\/a>\n      <\/p>\n\n      <p style=\"margin-top: 24px; font-style: italic;\">Consultations uniquement sur rendez-vous<\/p>\n    <\/div>\n\n    <div style=\"margin-top: 30px;\">\n      <a style=\"display: inline-block; background-color: #7fa98a; color: #ffffff; text-decoration: none; font-weight: 600; padding: 14px 36px; border-radius: 50px; font-size: 16px; transition: all 0.3s ease;\" href=\"https:\/\/www.resalib.fr\/praticien\/28523-celine-david-hypnotherapeute-geaune\" target=\"_blank\" rel=\"noopener noreferrer\">\n        Prendre rendez-vous\n      <\/a>\n    <\/div>\n\n    <div style=\"margin-top: 36px;\">\n      <p style=\"font-size: 17px; color: #4a463f; margin-bottom: 10px;\"><strong>Retrouvez-moi sur les r\u00e9seaux :<\/strong><\/p>\n      <div style=\"display: flex; justify-content: center; gap: 24px; flex-wrap: wrap; font-size: 16px;\">\n        <a style=\"color: #7fa98a; text-decoration: none;\" href=\"https:\/\/www.instagram.com\/hypnose_and_bienetre40\" target=\"_blank\" rel=\"noopener noreferrer\">Instagram : @hypnose_and_bienetre40<\/a>\n        <a style=\"color: #7fa98a; text-decoration: none;\" href=\"https:\/\/www.facebook.com\/CelineDavid40\/\" target=\"_blank\" rel=\"noopener noreferrer\">Facebook : C\u00e9line David<\/a>\n      <\/div>\n    <\/div>\n\n    <div style=\"margin-top: 40px; border-radius: 12px; overflow: hidden; box-shadow: 0 4px 12px rgba(0,0,0,0.1);\">\n      <iframe loading=\"lazy\" style=\"border: 0;\" src=\"https:\/\/www.google.com\/maps?q=Chemin+de+Paouilh%C3%A9,+40320+Geaune,+France&amp;output=embed\" width=\"100%\" height=\"350\" allowfullscreen=\"allowfullscreen\"><\/iframe>\n    <\/div>\n\n  <\/div>\n<\/section>\n\n\n\n<section style=\"background: linear-gradient(180deg, #FBF9F7 0%, #F6EFEC 100%); padding: 40px 24px; border-radius: 14px; font-family: 'Helvetica Neue', Arial, sans-serif; color: #3c3c3c;\">\n<div style=\"max-width: 800px; margin: 0 auto; background: #ffffff; border-radius: 12px; padding: 36px; box-shadow: 0 6px 18px rgba(0,0,0,0.05); text-align: center;\">\n<h2 style=\"font-size: 26px; color: #7fa98a; margin-bottom: 20px;\">Clause de responsabilit\u00e9<\/h2>\n<p style=\"font-size: 17px; line-height: 1.7; color: #4a463f; margin-bottom: 16px;\">Je ne suis ni psychiatre, ni m\u00e9decin, ni chirurgien. \u00c0 aucun moment, je ne remplace votre professionnel de sant\u00e9.<\/p>\n<p style=\"font-size: 17px; line-height: 1.7; color: #4a463f; margin-bottom: 16px;\">Je ne vous demanderai jamais d\u2019interrompre un traitement m\u00e9dical, ni d\u2019arr\u00eater un suivi en cours.<\/p>\n<p style=\"font-size: 17px; line-height: 1.7; color: #4a463f;\">Mon accompagnement s\u2019inscrit dans une <strong>d\u00e9marche compl\u00e9mentaire<\/strong>, en soutien \u00e0 vos soins et \u00e0 votre parcours m\u00e9dical.<br>\nIl vise \u00e0 favoriser votre <strong>bien-\u00eatre global<\/strong>, en lien avec votre \u00e9quilibre \u00e9motionnel et int\u00e9rieur.<\/p>\n<\/div>\n<\/section>\n","protected":false},"excerpt":{"rendered":"<p>Contact &amp; Informations Adresses : Tous les lundis Cabinet psychoth\u00e9rapie et Bien \u00catre 830 av Mar\u00e9chal Foch 40000 Mont-de-Marsan Tous les mardis Centre Santi 132 Bis Av du Tonkin 64140 &hellip; <\/p>\n","protected":false},"author":1,"featured_media":0,"parent":0,"menu_order":0,"comment_status":"open","ping_status":"open","template":"","meta":{"footnotes":""},"class_list":["post-8","page","type-page","status-publish","hentry"],"_links":{"self":[{"href":"https:\/\/www.serenite-hypnose.com\/index.php?rest_route=\/wp\/v2\/pages\/8","targetHints":{"allow":["GET"]}}],"collection":[{"href":"https:\/\/www.serenite-hypnose.com\/index.php?rest_route=\/wp\/v2\/pages"}],"about":[{"href":"https:\/\/www.serenite-hypnose.com\/index.php?rest_route=\/wp\/v2\/types\/page"}],"author":[{"embeddable":true,"href":"https:\/\/www.serenite-hypnose.com\/index.php?rest_route=\/wp\/v2\/users\/1"}],"replies":[{"embeddable":true,"href":"https:\/\/www.serenite-hypnose.com\/index.php?rest_route=%2Fwp%2Fv2%2Fcomments&post=8"}],"version-history":[{"count":60,"href":"https:\/\/www.serenite-hypnose.com\/index.php?rest_route=\/wp\/v2\/pages\/8\/revisions"}],"predecessor-version":[{"id":1680,"href":"https:\/\/www.serenite-hypnose.com\/index.php?rest_route=\/wp\/v2\/pages\/8\/revisions\/1680"}],"wp:attachment":[{"href":"https:\/\/www.serenite-hypnose.com\/index.php?rest_route=%2Fwp%2Fv2%2Fmedia&parent=8"}],"curies":[{"name":"wp","href":"https:\/\/api.w.org\/{rel}","templated":true}]}}