{"id":5,"date":"2014-10-31T12:08:03","date_gmt":"2014-10-31T11:08:03","guid":{"rendered":"http:\/\/www.serenite-hypnose.com\/?page_id=5"},"modified":"2024-02-26T18:43:22","modified_gmt":"2024-02-26T17:43:22","slug":"tarifs","status":"publish","type":"page","link":"https:\/\/www.serenite-hypnose.com\/?page_id=5","title":{"rendered":"Tarifs"},"content":{"rendered":"<h2 style=\"text-align: center;\"><span style=\"color: #339966;\">S\u00e9ance d&rsquo;Hypnose<\/span><\/h2>\n<p>Hypnose Th\u00e9rapeutique (Ericksonienne, p\u00e9rinatalit\u00e9, hypnose spirituel\u00a0: (75 min) : <strong>72 euros<\/strong> la s\u00e9ance.<\/p>\n<p>Hypnose R\u00e9gressive (120 min) : <strong>85 euros\u00a0<\/strong><\/p>\n<p>Hypnose RVE&amp;Nutrition (protocole de 6 s\u00e9ances : <strong>6X72 euros<\/strong>) paiement par ch\u00e8ques en 3 ou 6 fois possible<\/p>\n<p>Hypnose \u00ab\u00a0Stop Tabac\u00a0\u00bb en 1 s\u00e9ance (1h45 min)\u00a0 : <strong>150 euros\u00a0<\/strong><\/p>\n<h2 style=\"text-align: center;\"><span style=\"color: #339966;\">S\u00e9ance de relaxation th\u00e9rapeutique\u00a0<\/span><\/h2>\n<p style=\"text-align: center;\">S\u00e9ance relaxation th\u00e9rapeutique individuel : <strong>50 euros<\/strong><\/p>\n<p style=\"text-align: center;\">s\u00e9ance relaxation de groupe : <strong>Sur devis<\/strong><\/p>\n<p style=\"text-align: center;\">s\u00e9ance de relaxation en entreprise : <strong>Sur devis\u00a0<\/strong><\/p>\n<h2 style=\"text-align: center;\"><span style=\"color: #339966;\">S\u00e9ance Relaxation-Energ\u00e9tique\u00a0<\/span><\/h2>\n<p style=\"text-align: center;\">S\u00e9ance Hypno-Energ\u00e9tique : s\u00e9ance relaxation + soins \u00e9nerg\u00e9tiques (90min)<\/p>\n<p style=\"text-align: center;\"><strong>80 euros<\/strong> la s\u00e9ance<\/p>\n<h2 style=\"text-align: center;\"><span style=\"color: #339966;\">S\u00e9ance Soins Energ\u00e9tique\/REIKI<\/span><\/h2>\n<p style=\"text-align: center;\">S\u00e9ance soin \u00e9nerg\u00e9tique (90 min) : <strong>60 euros\u00a0\u00a0<\/strong><\/p>\n<p style=\"text-align: center;\"><span style=\"color: #339966;\">\u00a0 \u00a0 \u00a0 \u00a0 \u00a0 \u00a0 \u00a0 \u00a0 \u00a0<strong>\u00a0\u00a0<\/strong>\u00a0 \u00a0 \u00a0 \u00a0 \u00a0 \u00a0 \u00a0 \u00a0 \u00a0 \u00a0 \u00a0 \u00a0 \u00a0 \u00a0 \u00a0 \u00a0 \u00a0 \u00a0 \u00a0 \u00a0 \u00a0 \u00a0 \u00a0<\/span><\/p>\n<hr \/>\n<p style=\"text-align: center;\">\n<blockquote>\n<pre><strong><span style=\"color: #ff0000;\">Tous les rendez vous non annul\u00e9s 24h \u00e0 48h avant seront dus merci de votre compr\u00e9hension\u00a0<\/span><\/strong>\n<span style=\"color: #ff0000;\">Certaines mutuelles peuvent prendre en charge certains soins.\n<strong>TARIFS R\u00c9VISABLES AU 1er JANVIER DE CHAQUE ANN\u00c9E<\/strong><\/span><\/pre>\n<\/blockquote>\n","protected":false},"excerpt":{"rendered":"<p>S\u00e9ance d&rsquo;Hypnose Hypnose Th\u00e9rapeutique (Ericksonienne, p\u00e9rinatalit\u00e9, hypnose spirituel\u00a0: (75 min) : 72 euros la s\u00e9ance. Hypnose R\u00e9gressive (120 min) : 85 euros\u00a0 Hypnose RVE&amp;Nutrition (protocole de 6 s\u00e9ances : 6X72 &hellip; <\/p>\n","protected":false},"author":1,"featured_media":0,"parent":0,"menu_order":0,"comment_status":"open","ping_status":"open","template":"","meta":{"footnotes":""},"class_list":["post-5","page","type-page","status-publish","hentry"],"_links":{"self":[{"href":"https:\/\/www.serenite-hypnose.com\/index.php?rest_route=\/wp\/v2\/pages\/5","targetHints":{"allow":["GET"]}}],"collection":[{"href":"https:\/\/www.serenite-hypnose.com\/index.php?rest_route=\/wp\/v2\/pages"}],"about":[{"href":"https:\/\/www.serenite-hypnose.com\/index.php?rest_route=\/wp\/v2\/types\/page"}],"author":[{"embeddable":true,"href":"https:\/\/www.serenite-hypnose.com\/index.php?rest_route=\/wp\/v2\/users\/1"}],"replies":[{"embeddable":true,"href":"https:\/\/www.serenite-hypnose.com\/index.php?rest_route=%2Fwp%2Fv2%2Fcomments&post=5"}],"version-history":[{"count":99,"href":"https:\/\/www.serenite-hypnose.com\/index.php?rest_route=\/wp\/v2\/pages\/5\/revisions"}],"predecessor-version":[{"id":1288,"href":"https:\/\/www.serenite-hypnose.com\/index.php?rest_route=\/wp\/v2\/pages\/5\/revisions\/1288"}],"wp:attachment":[{"href":"https:\/\/www.serenite-hypnose.com\/index.php?rest_route=%2Fwp%2Fv2%2Fmedia&parent=5"}],"curies":[{"name":"wp","href":"https:\/\/api.w.org\/{rel}","templated":true}]}}